{"id":1391,"date":"2023-06-24T09:08:03","date_gmt":"2023-06-24T07:08:03","guid":{"rendered":"http:\/\/zoltanpito.com\/?page_id=1391"},"modified":"2025-11-15T12:07:45","modified_gmt":"2025-11-15T10:07:45","slug":"news","status":"publish","type":"page","link":"http:\/\/zoltanpito.com\/?page_id=1391","title":{"rendered":"News"},"content":{"rendered":"\n<h2 class=\"wp-block-heading has-text-align-center\">Latest book release: &#8222;LET\u00b4S HAVE FUN!&#8220; &#8211; Lehrbuch f\u00fcr Ukulele<\/h2>\n\n\n\n<div class=\"wp-block-group\"><div class=\"wp-block-group__inner-container is-layout-flow wp-block-group-is-layout-flow\">\n<div class=\"wp-block-group is-vertical is-layout-flex wp-container-core-group-is-layout-8cf370e7 wp-block-group-is-layout-flex\">\n<figure class=\"wp-block-pullquote\"><blockquote><p>&#8222;Dipl. Musikp\u00e4dagoge <strong>Zoltan Pito<\/strong> hat laut Bildungsdirektion O\u00d6 und N\u00d6 im Schuljahr 2016\/17 als erster Lehrer die Ukulele als offizielles Unterrichtsfach \u00d6sterreichweit mit Lehrplan f\u00fcr Ukulele eingef\u00fchrt. <br>Mittlerweile unterrichten fast alle Musikschulen in \u00d6sterreich UKULELE als Hauptfachinstrument.&#8220;<\/p><\/blockquote><\/figure>\n\n\n\n<p class=\"has-text-align-center\"><\/p>\n<\/div>\n\n\n\n<figure class=\"wp-block-image size-large\"><a href=\"https:\/\/www.amazon.de\/LET\u00b4S-HAVE-FUN-Lehrbuch-UKULELE\/dp\/1797854852\/ref=sr_1_1?__mk_de_DE=\u00c5M\u00c5\u017d\u00d5\u00d1&amp;crid=2PJYHX7D91YD7&amp;keywords=zoltan+pito&amp;qid=1687595068&amp;sprefix=zoltan+pito%2Caps%2C282&amp;sr=8-1\"><img loading=\"lazy\" decoding=\"async\" width=\"1024\" height=\"717\" src=\"http:\/\/zoltanpito.com\/wp-content\/uploads\/2023\/06\/print1-3-1024x717.jpg\" alt=\"\" class=\"wp-image-1426\" srcset=\"http:\/\/zoltanpito.com\/wp-content\/uploads\/2023\/06\/print1-3-1024x717.jpg 1024w, http:\/\/zoltanpito.com\/wp-content\/uploads\/2023\/06\/print1-3-300x210.jpg 300w, http:\/\/zoltanpito.com\/wp-content\/uploads\/2023\/06\/print1-3-768x538.jpg 768w, http:\/\/zoltanpito.com\/wp-content\/uploads\/2023\/06\/print1-3-1536x1075.jpg 1536w, http:\/\/zoltanpito.com\/wp-content\/uploads\/2023\/06\/print1-3-2048x1434.jpg 2048w\" sizes=\"auto, (max-width: 1024px) 100vw, 1024px\" \/><\/a><\/figure>\n<\/div><\/div>\n\n\n\n<p><\/p>\n\n\n\n<div class=\"wp-block-columns is-layout-flex wp-container-core-columns-is-layout-9d6595d7 wp-block-columns-is-layout-flex\">\n<div class=\"wp-block-column is-layout-flow wp-block-column-is-layout-flow\" style=\"flex-basis:100%\">\n<div class=\"wp-block-group\"><div class=\"wp-block-group__inner-container is-layout-constrained wp-block-group-is-layout-constrained\">\n<div class=\"wp-block-group alignwide is-vertical is-layout-flex wp-container-core-group-is-layout-8cf370e7 wp-block-group-is-layout-flex\">\n<div class=\"wp-block-group is-content-justification-center is-nowrap is-layout-flex wp-container-core-group-is-layout-94bc23d7 wp-block-group-is-layout-flex\">\n<div class=\"wp-block-group is-content-justification-space-between is-nowrap is-layout-flex wp-container-core-group-is-layout-0dfbf163 wp-block-group-is-layout-flex\">\n<h6 class=\"wp-block-heading has-text-align-center\">Seitenzahl der Print-Ausgabe:                            266 Seiten<\/h6>\n\n\n\n<h6 class=\"wp-block-heading has-text-align-center\">Sprache: Deutsch<\/h6>\n\n\n\n<h6 class=\"wp-block-heading has-text-align-center\">Erscheinungstermin  28. April 2019<\/h6>\n\n\n\n<h6 class=\"wp-block-heading has-text-align-center\">Abmessungen:                        21.01 x 1.6 x 27.89 cm<\/h6>\n\n\n\n<h6 class=\"wp-block-heading has-text-align-center\">ISBN-101797854852<\/h6>\n\n\n\n<h6 class=\"wp-block-heading has-text-align-center\">ISBN-13978-1797854854<\/h6>\n<\/div>\n<\/div>\n<\/div>\n\n\n\n<p><\/p>\n\n\n\n<h2 class=\"wp-block-heading has-text-align-center\"><strong>Ein Auszug aus der <strong>Leiterakademie<\/strong><\/strong> &#8211; <strong>Abschlussarbeit von Zoltan Pito:<\/strong><\/h2>\n<\/div><\/div>\n<\/div>\n<\/div>\n\n\n<div class=\"wp-block-image\">\n<figure class=\"aligncenter size-large\"><a href=\"https:\/\/www.amazon.de\/LET\u00b4S-HAVE-FUN-Lehrbuch-UKULELE\/dp\/1797854852\/ref=sr_1_1?__mk_de_DE=\u00c5M\u00c5\u017d\u00d5\u00d1&amp;keywords=zoltan+pito&amp;qid=1687597428&amp;sr=8-1\"><img loading=\"lazy\" decoding=\"async\" width=\"723\" height=\"1024\" src=\"http:\/\/zoltanpito.com\/wp-content\/uploads\/2023\/06\/Abschlussarbeit-Leiterakademie-2021-von-Zoltan-Pito-ENDFASSUNG-verschoben-2-723x1024.jpg\" alt=\"\" class=\"wp-image-1429\" srcset=\"http:\/\/zoltanpito.com\/wp-content\/uploads\/2023\/06\/Abschlussarbeit-Leiterakademie-2021-von-Zoltan-Pito-ENDFASSUNG-verschoben-2-723x1024.jpg 723w, http:\/\/zoltanpito.com\/wp-content\/uploads\/2023\/06\/Abschlussarbeit-Leiterakademie-2021-von-Zoltan-Pito-ENDFASSUNG-verschoben-2-212x300.jpg 212w, http:\/\/zoltanpito.com\/wp-content\/uploads\/2023\/06\/Abschlussarbeit-Leiterakademie-2021-von-Zoltan-Pito-ENDFASSUNG-verschoben-2-768x1087.jpg 768w, http:\/\/zoltanpito.com\/wp-content\/uploads\/2023\/06\/Abschlussarbeit-Leiterakademie-2021-von-Zoltan-Pito-ENDFASSUNG-verschoben-2-1085x1536.jpg 1085w, http:\/\/zoltanpito.com\/wp-content\/uploads\/2023\/06\/Abschlussarbeit-Leiterakademie-2021-von-Zoltan-Pito-ENDFASSUNG-verschoben-2.jpg 1239w\" sizes=\"auto, (max-width: 723px) 100vw, 723px\" \/><\/a><\/figure><\/div>\n\n<div class=\"wp-block-image\">\n<figure class=\"aligncenter size-large\"><a href=\"https:\/\/www.amazon.de\/LET\u00b4S-HAVE-FUN-Lehrbuch-UKULELE\/dp\/1797854852\/ref=sr_1_1?__mk_de_DE=\u00c5M\u00c5\u017d\u00d5\u00d1&amp;keywords=zoltan+pito&amp;qid=1687597428&amp;sr=8-1\"><img loading=\"lazy\" decoding=\"async\" width=\"723\" height=\"1024\" src=\"http:\/\/zoltanpito.com\/wp-content\/uploads\/2023\/06\/Abschlussarbeit-Leiterakademie-2021-von-Zoltan-Pito-ENDFASSUNG-verschoben-2-1-723x1024.jpg\" alt=\"\" class=\"wp-image-1430\" srcset=\"http:\/\/zoltanpito.com\/wp-content\/uploads\/2023\/06\/Abschlussarbeit-Leiterakademie-2021-von-Zoltan-Pito-ENDFASSUNG-verschoben-2-1-723x1024.jpg 723w, http:\/\/zoltanpito.com\/wp-content\/uploads\/2023\/06\/Abschlussarbeit-Leiterakademie-2021-von-Zoltan-Pito-ENDFASSUNG-verschoben-2-1-212x300.jpg 212w, http:\/\/zoltanpito.com\/wp-content\/uploads\/2023\/06\/Abschlussarbeit-Leiterakademie-2021-von-Zoltan-Pito-ENDFASSUNG-verschoben-2-1-768x1087.jpg 768w, http:\/\/zoltanpito.com\/wp-content\/uploads\/2023\/06\/Abschlussarbeit-Leiterakademie-2021-von-Zoltan-Pito-ENDFASSUNG-verschoben-2-1-1085x1536.jpg 1085w, http:\/\/zoltanpito.com\/wp-content\/uploads\/2023\/06\/Abschlussarbeit-Leiterakademie-2021-von-Zoltan-Pito-ENDFASSUNG-verschoben-2-1.jpg 1239w\" sizes=\"auto, (max-width: 723px) 100vw, 723px\" \/><\/a><\/figure><\/div>\n\n<div class=\"wp-block-image\">\n<figure class=\"aligncenter size-large\"><a href=\"https:\/\/www.amazon.de\/LET\u00b4S-HAVE-FUN-Lehrbuch-UKULELE\/dp\/1797854852\/ref=sr_1_1?__mk_de_DE=\u00c5M\u00c5\u017d\u00d5\u00d1&amp;keywords=zoltan+pito&amp;qid=1687597428&amp;sr=8-1\"><img loading=\"lazy\" decoding=\"async\" width=\"723\" height=\"1024\" src=\"http:\/\/zoltanpito.com\/wp-content\/uploads\/2023\/06\/Abschlussarbeit-Leiterakademie-2021-von-Zoltan-Pito-ENDFASSUNG-verschoben-3-723x1024.jpg\" alt=\"\" class=\"wp-image-1431\" srcset=\"http:\/\/zoltanpito.com\/wp-content\/uploads\/2023\/06\/Abschlussarbeit-Leiterakademie-2021-von-Zoltan-Pito-ENDFASSUNG-verschoben-3-723x1024.jpg 723w, http:\/\/zoltanpito.com\/wp-content\/uploads\/2023\/06\/Abschlussarbeit-Leiterakademie-2021-von-Zoltan-Pito-ENDFASSUNG-verschoben-3-212x300.jpg 212w, http:\/\/zoltanpito.com\/wp-content\/uploads\/2023\/06\/Abschlussarbeit-Leiterakademie-2021-von-Zoltan-Pito-ENDFASSUNG-verschoben-3-768x1087.jpg 768w, http:\/\/zoltanpito.com\/wp-content\/uploads\/2023\/06\/Abschlussarbeit-Leiterakademie-2021-von-Zoltan-Pito-ENDFASSUNG-verschoben-3-1085x1536.jpg 1085w, http:\/\/zoltanpito.com\/wp-content\/uploads\/2023\/06\/Abschlussarbeit-Leiterakademie-2021-von-Zoltan-Pito-ENDFASSUNG-verschoben-3.jpg 1239w\" sizes=\"auto, (max-width: 723px) 100vw, 723px\" \/><\/a><\/figure><\/div>\n\n<div class=\"wp-block-image\">\n<figure class=\"aligncenter size-large is-resized\"><a href=\"https:\/\/www.amazon.de\/LET\u00b4S-HAVE-FUN-Lehrbuch-UKULELE\/dp\/1797854852\/ref=sr_1_1?__mk_de_DE=\u00c5M\u00c5\u017d\u00d5\u00d1&amp;keywords=zoltan+pito&amp;qid=1687597428&amp;sr=8-1\"><img loading=\"lazy\" decoding=\"async\" width=\"723\" height=\"1024\" src=\"http:\/\/zoltanpito.com\/wp-content\/uploads\/2023\/06\/Abschlussarbeit-Leiterakademie-2021-von-Zoltan-Pito-ENDFASSUNG-verschoben-4-723x1024.jpg\" alt=\"\" class=\"wp-image-1432\" style=\"width:723px;height:1024px\" srcset=\"http:\/\/zoltanpito.com\/wp-content\/uploads\/2023\/06\/Abschlussarbeit-Leiterakademie-2021-von-Zoltan-Pito-ENDFASSUNG-verschoben-4-723x1024.jpg 723w, http:\/\/zoltanpito.com\/wp-content\/uploads\/2023\/06\/Abschlussarbeit-Leiterakademie-2021-von-Zoltan-Pito-ENDFASSUNG-verschoben-4-212x300.jpg 212w, http:\/\/zoltanpito.com\/wp-content\/uploads\/2023\/06\/Abschlussarbeit-Leiterakademie-2021-von-Zoltan-Pito-ENDFASSUNG-verschoben-4-768x1087.jpg 768w, http:\/\/zoltanpito.com\/wp-content\/uploads\/2023\/06\/Abschlussarbeit-Leiterakademie-2021-von-Zoltan-Pito-ENDFASSUNG-verschoben-4-1085x1536.jpg 1085w, http:\/\/zoltanpito.com\/wp-content\/uploads\/2023\/06\/Abschlussarbeit-Leiterakademie-2021-von-Zoltan-Pito-ENDFASSUNG-verschoben-4.jpg 1239w\" sizes=\"auto, (max-width: 723px) 100vw, 723px\" \/><\/a><\/figure><\/div>\n\n<div class=\"wp-block-image\">\n<figure class=\"aligncenter size-large\"><a href=\"https:\/\/www.amazon.de\/LET\u00b4S-HAVE-FUN-Lehrbuch-UKULELE\/dp\/1797854852\/ref=sr_1_1?__mk_de_DE=\u00c5M\u00c5\u017d\u00d5\u00d1&amp;keywords=zoltan+pito&amp;qid=1687597428&amp;sr=8-1\"><img loading=\"lazy\" decoding=\"async\" width=\"723\" height=\"1024\" src=\"http:\/\/zoltanpito.com\/wp-content\/uploads\/2023\/06\/Abschlussarbeit-Leiterakademie-2021-von-Zoltan-Pito-ENDFASSUNG-verschoben-5-723x1024.jpg\" alt=\"\" class=\"wp-image-1433\" srcset=\"http:\/\/zoltanpito.com\/wp-content\/uploads\/2023\/06\/Abschlussarbeit-Leiterakademie-2021-von-Zoltan-Pito-ENDFASSUNG-verschoben-5-723x1024.jpg 723w, http:\/\/zoltanpito.com\/wp-content\/uploads\/2023\/06\/Abschlussarbeit-Leiterakademie-2021-von-Zoltan-Pito-ENDFASSUNG-verschoben-5-212x300.jpg 212w, http:\/\/zoltanpito.com\/wp-content\/uploads\/2023\/06\/Abschlussarbeit-Leiterakademie-2021-von-Zoltan-Pito-ENDFASSUNG-verschoben-5-768x1087.jpg 768w, http:\/\/zoltanpito.com\/wp-content\/uploads\/2023\/06\/Abschlussarbeit-Leiterakademie-2021-von-Zoltan-Pito-ENDFASSUNG-verschoben-5-1085x1536.jpg 1085w, http:\/\/zoltanpito.com\/wp-content\/uploads\/2023\/06\/Abschlussarbeit-Leiterakademie-2021-von-Zoltan-Pito-ENDFASSUNG-verschoben-5.jpg 1239w\" sizes=\"auto, (max-width: 723px) 100vw, 723px\" \/><\/a><\/figure><\/div>\n\n<div class=\"wp-block-image\">\n<figure class=\"aligncenter size-large\"><a href=\"https:\/\/www.amazon.de\/LET\u00b4S-HAVE-FUN-Lehrbuch-UKULELE\/dp\/1797854852\/ref=sr_1_1?__mk_de_DE=\u00c5M\u00c5\u017d\u00d5\u00d1&amp;keywords=zoltan+pito&amp;qid=1687597428&amp;sr=8-1\"><img loading=\"lazy\" decoding=\"async\" width=\"723\" height=\"1024\" src=\"http:\/\/zoltanpito.com\/wp-content\/uploads\/2023\/06\/Abschlussarbeit-Leiterakademie-2021-von-Zoltan-Pito-ENDFASSUNG-verschoben-6-723x1024.jpg\" alt=\"\" class=\"wp-image-1434\" srcset=\"http:\/\/zoltanpito.com\/wp-content\/uploads\/2023\/06\/Abschlussarbeit-Leiterakademie-2021-von-Zoltan-Pito-ENDFASSUNG-verschoben-6-723x1024.jpg 723w, http:\/\/zoltanpito.com\/wp-content\/uploads\/2023\/06\/Abschlussarbeit-Leiterakademie-2021-von-Zoltan-Pito-ENDFASSUNG-verschoben-6-212x300.jpg 212w, http:\/\/zoltanpito.com\/wp-content\/uploads\/2023\/06\/Abschlussarbeit-Leiterakademie-2021-von-Zoltan-Pito-ENDFASSUNG-verschoben-6-768x1087.jpg 768w, http:\/\/zoltanpito.com\/wp-content\/uploads\/2023\/06\/Abschlussarbeit-Leiterakademie-2021-von-Zoltan-Pito-ENDFASSUNG-verschoben-6-1085x1536.jpg 1085w, http:\/\/zoltanpito.com\/wp-content\/uploads\/2023\/06\/Abschlussarbeit-Leiterakademie-2021-von-Zoltan-Pito-ENDFASSUNG-verschoben-6.jpg 1239w\" sizes=\"auto, (max-width: 723px) 100vw, 723px\" \/><\/a><\/figure><\/div>\n\n<div class=\"wp-block-image\">\n<figure class=\"aligncenter size-large\"><a href=\"https:\/\/www.amazon.de\/LET\u00b4S-HAVE-FUN-Lehrbuch-UKULELE\/dp\/1797854852\/ref=sr_1_1?__mk_de_DE=\u00c5M\u00c5\u017d\u00d5\u00d1&amp;keywords=zoltan+pito&amp;qid=1687597428&amp;sr=8-1\"><img loading=\"lazy\" decoding=\"async\" width=\"723\" height=\"1024\" src=\"http:\/\/zoltanpito.com\/wp-content\/uploads\/2023\/06\/Abschlussarbeit-Leiterakademie-2021-von-Zoltan-Pito-ENDFASSUNG-verschoben-7-723x1024.jpg\" alt=\"\" class=\"wp-image-1435\" srcset=\"http:\/\/zoltanpito.com\/wp-content\/uploads\/2023\/06\/Abschlussarbeit-Leiterakademie-2021-von-Zoltan-Pito-ENDFASSUNG-verschoben-7-723x1024.jpg 723w, http:\/\/zoltanpito.com\/wp-content\/uploads\/2023\/06\/Abschlussarbeit-Leiterakademie-2021-von-Zoltan-Pito-ENDFASSUNG-verschoben-7-212x300.jpg 212w, http:\/\/zoltanpito.com\/wp-content\/uploads\/2023\/06\/Abschlussarbeit-Leiterakademie-2021-von-Zoltan-Pito-ENDFASSUNG-verschoben-7-768x1087.jpg 768w, http:\/\/zoltanpito.com\/wp-content\/uploads\/2023\/06\/Abschlussarbeit-Leiterakademie-2021-von-Zoltan-Pito-ENDFASSUNG-verschoben-7-1085x1536.jpg 1085w, http:\/\/zoltanpito.com\/wp-content\/uploads\/2023\/06\/Abschlussarbeit-Leiterakademie-2021-von-Zoltan-Pito-ENDFASSUNG-verschoben-7.jpg 1239w\" sizes=\"auto, (max-width: 723px) 100vw, 723px\" \/><\/a><\/figure><\/div>\n\n<div class=\"wp-block-image\">\n<figure class=\"aligncenter size-large\"><a href=\"https:\/\/www.amazon.de\/LET\u00b4S-HAVE-FUN-Lehrbuch-UKULELE\/dp\/1797854852\/ref=sr_1_1?__mk_de_DE=\u00c5M\u00c5\u017d\u00d5\u00d1&amp;keywords=zoltan+pito&amp;qid=1687597428&amp;sr=8-1\"><img loading=\"lazy\" decoding=\"async\" width=\"723\" height=\"1024\" src=\"http:\/\/zoltanpito.com\/wp-content\/uploads\/2023\/06\/Abschlussarbeit-Leiterakademie-2021-von-Zoltan-Pito-ENDFASSUNG-verschoben-8-723x1024.jpg\" alt=\"\" class=\"wp-image-1436\" srcset=\"http:\/\/zoltanpito.com\/wp-content\/uploads\/2023\/06\/Abschlussarbeit-Leiterakademie-2021-von-Zoltan-Pito-ENDFASSUNG-verschoben-8-723x1024.jpg 723w, http:\/\/zoltanpito.com\/wp-content\/uploads\/2023\/06\/Abschlussarbeit-Leiterakademie-2021-von-Zoltan-Pito-ENDFASSUNG-verschoben-8-212x300.jpg 212w, http:\/\/zoltanpito.com\/wp-content\/uploads\/2023\/06\/Abschlussarbeit-Leiterakademie-2021-von-Zoltan-Pito-ENDFASSUNG-verschoben-8-768x1087.jpg 768w, http:\/\/zoltanpito.com\/wp-content\/uploads\/2023\/06\/Abschlussarbeit-Leiterakademie-2021-von-Zoltan-Pito-ENDFASSUNG-verschoben-8-1085x1536.jpg 1085w, http:\/\/zoltanpito.com\/wp-content\/uploads\/2023\/06\/Abschlussarbeit-Leiterakademie-2021-von-Zoltan-Pito-ENDFASSUNG-verschoben-8.jpg 1239w\" sizes=\"auto, (max-width: 723px) 100vw, 723px\" \/><\/a><\/figure><\/div>\n\n<div class=\"wp-block-image\">\n<figure class=\"aligncenter size-large is-resized\"><a href=\"https:\/\/www.amazon.de\/LET\u00b4S-HAVE-FUN-Lehrbuch-UKULELE\/dp\/1797854852\/ref=sr_1_1?__mk_de_DE=\u00c5M\u00c5\u017d\u00d5\u00d1&amp;crid=22JRLMXJJMEFP&amp;keywords=Zoltan+pito&amp;qid=1687856360&amp;sprefix=zoltan+pito%2Caps%2C103&amp;sr=8-1\"><img loading=\"lazy\" decoding=\"async\" width=\"1464\" height=\"2070\" src=\"http:\/\/zoltanpito.com\/wp-content\/uploads\/2023\/06\/Foto-Ukulelebuch-schwarz-edited.jpg\" alt=\"\" class=\"wp-image-1630\" style=\"width:701px;height:991px\" srcset=\"http:\/\/zoltanpito.com\/wp-content\/uploads\/2023\/06\/Foto-Ukulelebuch-schwarz-edited.jpg 1464w, http:\/\/zoltanpito.com\/wp-content\/uploads\/2023\/06\/Foto-Ukulelebuch-schwarz-edited-212x300.jpg 212w, http:\/\/zoltanpito.com\/wp-content\/uploads\/2023\/06\/Foto-Ukulelebuch-schwarz-edited-724x1024.jpg 724w, http:\/\/zoltanpito.com\/wp-content\/uploads\/2023\/06\/Foto-Ukulelebuch-schwarz-edited-768x1086.jpg 768w, http:\/\/zoltanpito.com\/wp-content\/uploads\/2023\/06\/Foto-Ukulelebuch-schwarz-edited-1086x1536.jpg 1086w, http:\/\/zoltanpito.com\/wp-content\/uploads\/2023\/06\/Foto-Ukulelebuch-schwarz-edited-1448x2048.jpg 1448w\" sizes=\"auto, (max-width: 1464px) 100vw, 1464px\" \/><\/a><\/figure><\/div>\n\n\n<h2 class=\"wp-block-heading has-text-align-center\">Erh\u00e4ltlich auf amazon.de: <\/h2>\n\n\n\n<ul class=\"wp-block-list\">\n<li><a href=\"https:\/\/www.amazon.de\/LET\u00b4S-HAVE-FUN-Lehrbuch-UKULELE\/dp\/1797854852\/ref=sr_1_1?__mk_de_DE=\u00c5M\u00c5\u017d\u00d5\u00d1&amp;crid=3OUUZD34O4ZA7&amp;keywords=zoltan+pito&amp;qid=1687857133&amp;sprefix=zoltan+pito%2Caps%2C101&amp;sr=8-1\">https:\/\/www.amazon.de\/LET\u00b4S-HAVE-FUN-Lehrbuch-UKULELE\/dp\/1797854852\/ref=sr_1_1?__mk_de_DE=\u00c5M\u00c5\u017d\u00d5\u00d1&amp;crid=3OUUZD34O4ZA7&amp;keywords=zoltan+pito&amp;qid=1687857133&amp;sprefix=zoltan+pito%2Caps%2C101&amp;sr=8-1<\/a><\/li>\n<\/ul>\n","protected":false},"excerpt":{"rendered":"<p>Latest book release: &#8222;LET\u00b4S HAVE FUN!&#8220; &#8211; Lehrbuch f\u00fcr Ukulele &#8222;Dipl. Musikp\u00e4dagoge Zoltan Pito hat laut Bildungsdirektion O\u00d6 und N\u00d6 im Schuljahr<\/p>\n<p class=\"link-more\"><a class=\"myButt \" href=\"http:\/\/zoltanpito.com\/?page_id=1391\">Read More<\/a><\/p>\n","protected":false},"author":2,"featured_media":0,"parent":0,"menu_order":0,"comment_status":"closed","ping_status":"closed","template":"","meta":{"_acf_changed":false,"_bbp_topic_count":0,"_bbp_reply_count":0,"_bbp_total_topic_count":0,"_bbp_total_reply_count":0,"_bbp_voice_count":0,"_bbp_anonymous_reply_count":0,"_bbp_topic_count_hidden":0,"_bbp_reply_count_hidden":0,"_bbp_forum_subforum_count":0,"ngg_post_thumbnail":0,"footnotes":""},"class_list":["post-1391","page","type-page","status-publish","hentry"],"acf":[],"_links":{"self":[{"href":"http:\/\/zoltanpito.com\/index.php?rest_route=\/wp\/v2\/pages\/1391","targetHints":{"allow":["GET"]}}],"collection":[{"href":"http:\/\/zoltanpito.com\/index.php?rest_route=\/wp\/v2\/pages"}],"about":[{"href":"http:\/\/zoltanpito.com\/index.php?rest_route=\/wp\/v2\/types\/page"}],"author":[{"embeddable":true,"href":"http:\/\/zoltanpito.com\/index.php?rest_route=\/wp\/v2\/users\/2"}],"replies":[{"embeddable":true,"href":"http:\/\/zoltanpito.com\/index.php?rest_route=%2Fwp%2Fv2%2Fcomments&post=1391"}],"version-history":[{"count":43,"href":"http:\/\/zoltanpito.com\/index.php?rest_route=\/wp\/v2\/pages\/1391\/revisions"}],"predecessor-version":[{"id":1922,"href":"http:\/\/zoltanpito.com\/index.php?rest_route=\/wp\/v2\/pages\/1391\/revisions\/1922"}],"wp:attachment":[{"href":"http:\/\/zoltanpito.com\/index.php?rest_route=%2Fwp%2Fv2%2Fmedia&parent=1391"}],"curies":[{"name":"wp","href":"https:\/\/api.w.org\/{rel}","templated":true}]}}